{"id":11,"date":"2024-01-19T05:18:24","date_gmt":"2024-01-19T05:18:24","guid":{"rendered":"https:\/\/standwithdocumenta.de\/?page_id=3"},"modified":"2025-07-15T10:26:49","modified_gmt":"2025-07-15T10:26:49","slug":"privacy-policy-2","status":"publish","type":"page","link":"https:\/\/www.standwithdocumenta.com\/en\/privacy-policy-2\/","title":{"rendered":"Site Notice"},"content":{"rendered":"<div data-elementor-type=\"wp-page\" data-elementor-id=\"11\" class=\"elementor elementor-11\">\n\t\t\t\t<div class=\"elementor-element elementor-element-4d5afc1 e-flex e-con-boxed e-con e-parent\" data-id=\"4d5afc1\" data-element_type=\"container\" data-e-type=\"container\">\n\t\t\t\t\t<div class=\"e-con-inner\">\n\t\t\t\t<div class=\"elementor-element elementor-element-ee3de0c elementor-widget elementor-widget-text-editor\" data-id=\"ee3de0c\" data-element_type=\"widget\" data-e-type=\"widget\" data-widget_type=\"text-editor.default\">\n\t\t\t\t<div class=\"elementor-widget-container\">\n\t\t\t\t\t\t\t\t\t<h1 style=\"font-family: Roboto, sans-serif; color: #000000;\"><span style=\"color: inherit; font-family: inherit; font-size: 2rem; text-align: var(--text-align);\">Angaben gem\u00e4\u00df \u00a7 5 TMG<\/span><\/h1>\n<p>standwithdocumenta<\/p>\n<h3>Contact<\/h3>\n<p><b>Initiative:<\/b><br>Christian Pr\u00fcfer<br>Atelier Zaki Al-Maboren<\/p>\n<p><span style=\"text-align: var(--text-align);\">Heckerstr. 30<\/span><\/p>\n<p>D-34121 Kassel<\/p>\n<p><span style=\"font-weight: bold;\">Sprecher der Initiative:<\/span><br>Herr Christian Pr\u00fcfer<br>Telefon: +49 157 54104073<br>E-Mail: prueferchris (at) t-online.de<\/p>\n<p><b>Verantwortlich:<\/b><\/p>\n<div class=\"lawyer-information-title\">\n<div class=\"h1 name\">RA Axel Selbert<\/div>\n<\/div>\n<div class=\"lawyer-information-address\">\n<div class=\"inside row\">\n<div class=\"lawyer-address\">\n<address>Theaterstra\u00dfe 1<br>34117 Kassel<\/address>\n<address>Tel 0561-9324486<\/address>\n<address>axelselbert (at) gmx.de<\/address>\n<\/div>\n<\/div>\n<\/div>\t\t\t\t\t\t\t\t<\/div>\n\t\t\t\t<\/div>\n\t\t\t\t\t<\/div>\n\t\t\t\t<\/div>\n\t\t\t\t<\/div>","protected":false},"excerpt":{"rendered":"<p>Angaben gem\u00e4\u00df \u00a7 5 TMG standwithdocumenta Kontakt Initiative:Christian Pr\u00fcferAtelier Zaki Al-Maboren Heckerstr. 30 D-34121 Kassel Sprecher der Initiative:Herr Christian Pr\u00fcferTelefon: +49 157 54104073E-Mail: prueferchris (at) t-online.de Verantwortlich: RA Axel Selbert Theaterstra\u00dfe 134117 Kassel Tel 0561-9324486 axelselbert (at) gmx.de<\/p>","protected":false},"author":2,"featured_media":0,"parent":0,"menu_order":0,"comment_status":"closed","ping_status":"closed","template":"","meta":{"footnotes":"","_links_to":"","_links_to_target":""},"class_list":["post-11","page","type-page","status-publish","hentry"],"yoast_head":"<!-- This site is optimized with the Yoast SEO plugin v27.1.1 - https:\/\/yoast.com\/product\/yoast-seo-wordpress\/ -->\n<title>Impressum - #standwithdocumenta<\/title>\n<meta name=\"robots\" content=\"noindex, follow, max-snippet:-1, max-image-preview:large, max-video-preview:-1\" \/>\n<meta property=\"og:locale\" content=\"en_GB\" \/>\n<meta property=\"og:type\" content=\"article\" \/>\n<meta property=\"og:title\" content=\"Impressum - #standwithdocumenta\" \/>\n<meta property=\"og:description\" content=\"Angaben gem\u00e4\u00df \u00a7 5 TMG standwithdocumenta Kontakt Initiative:Christian Pr\u00fcferAtelier Zaki Al-Maboren Heckerstr. 30 D-34121 Kassel Sprecher der Initiative:Herr Christian Pr\u00fcferTelefon: +49 157 54104073E-Mail: prueferchris (at) t-online.de Verantwortlich: RA Axel Selbert Theaterstra\u00dfe 134117 Kassel Tel 0561-9324486 axelselbert (at) gmx.de\" \/>\n<meta property=\"og:url\" content=\"https:\/\/www.standwithdocumenta.com\/en\/privacy-policy-2\/\" \/>\n<meta property=\"og:site_name\" content=\"#standwithdocumenta\" \/>\n<meta property=\"article:modified_time\" content=\"2025-07-15T10:26:49+00:00\" \/>\n<meta name=\"twitter:card\" content=\"summary_large_image\" \/>\n<meta name=\"twitter:label1\" content=\"Estimated reading time\" \/>\n\t<meta name=\"twitter:data1\" content=\"1 minute\" \/>\n<script type=\"application\/ld+json\" class=\"yoast-schema-graph\">{\"@context\":\"https:\/\/schema.org\",\"@graph\":[{\"@type\":\"WebPage\",\"@id\":\"https:\/\/www.standwithdocumenta.com\/privacy-policy-2\/\",\"url\":\"https:\/\/www.standwithdocumenta.com\/privacy-policy-2\/\",\"name\":\"Impressum - #standwithdocumenta\",\"isPartOf\":{\"@id\":\"https:\/\/www.standwithdocumenta.com\/#website\"},\"datePublished\":\"2024-01-19T05:18:24+00:00\",\"dateModified\":\"2025-07-15T10:26:49+00:00\",\"breadcrumb\":{\"@id\":\"https:\/\/www.standwithdocumenta.com\/privacy-policy-2\/#breadcrumb\"},\"inLanguage\":\"en-GB\",\"potentialAction\":[{\"@type\":\"ReadAction\",\"target\":[\"https:\/\/www.standwithdocumenta.com\/privacy-policy-2\/\"]}]},{\"@type\":\"BreadcrumbList\",\"@id\":\"https:\/\/www.standwithdocumenta.com\/privacy-policy-2\/#breadcrumb\",\"itemListElement\":[{\"@type\":\"ListItem\",\"position\":1,\"name\":\"Startseite\",\"item\":\"https:\/\/www.standwithdocumenta.com\/\"},{\"@type\":\"ListItem\",\"position\":2,\"name\":\"Impressum\"}]},{\"@type\":\"WebSite\",\"@id\":\"https:\/\/www.standwithdocumenta.com\/#website\",\"url\":\"https:\/\/www.standwithdocumenta.com\/\",\"name\":\"#standwithdocumenta\",\"description\":\"\",\"publisher\":{\"@id\":\"https:\/\/www.standwithdocumenta.com\/#organization\"},\"potentialAction\":[{\"@type\":\"SearchAction\",\"target\":{\"@type\":\"EntryPoint\",\"urlTemplate\":\"https:\/\/www.standwithdocumenta.com\/?s={search_term_string}\"},\"query-input\":{\"@type\":\"PropertyValueSpecification\",\"valueRequired\":true,\"valueName\":\"search_term_string\"}}],\"inLanguage\":\"en-GB\"},{\"@type\":\"Organization\",\"@id\":\"https:\/\/www.standwithdocumenta.com\/#organization\",\"name\":\"#standwithdocumenta\",\"url\":\"https:\/\/www.standwithdocumenta.com\/\",\"logo\":{\"@type\":\"ImageObject\",\"inLanguage\":\"en-GB\",\"@id\":\"https:\/\/www.standwithdocumenta.com\/#\/schema\/logo\/image\/\",\"url\":\"https:\/\/www.standwithdocumenta.com\/wp-content\/uploads\/2024\/01\/Layer_1.png\",\"contentUrl\":\"https:\/\/www.standwithdocumenta.com\/wp-content\/uploads\/2024\/01\/Layer_1.png\",\"width\":654,\"height\":654,\"caption\":\"#standwithdocumenta\"},\"image\":{\"@id\":\"https:\/\/www.standwithdocumenta.com\/#\/schema\/logo\/image\/\"}}]}<\/script>\n<!-- \/ Yoast SEO plugin. -->","yoast_head_json":{"title":"Impressum - #standwithdocumenta","robots":{"index":"noindex","follow":"follow","max-snippet":"max-snippet:-1","max-image-preview":"max-image-preview:large","max-video-preview":"max-video-preview:-1"},"og_locale":"en_GB","og_type":"article","og_title":"Impressum - #standwithdocumenta","og_description":"Angaben gem\u00e4\u00df \u00a7 5 TMG standwithdocumenta Kontakt Initiative:Christian Pr\u00fcferAtelier Zaki Al-Maboren Heckerstr. 30 D-34121 Kassel Sprecher der Initiative:Herr Christian Pr\u00fcferTelefon: +49 157 54104073E-Mail: prueferchris (at) t-online.de Verantwortlich: RA Axel Selbert Theaterstra\u00dfe 134117 Kassel Tel 0561-9324486 axelselbert (at) gmx.de","og_url":"https:\/\/www.standwithdocumenta.com\/en\/privacy-policy-2\/","og_site_name":"#standwithdocumenta","article_modified_time":"2025-07-15T10:26:49+00:00","twitter_card":"summary_large_image","twitter_misc":{"Estimated reading time":"1 minute"},"schema":{"@context":"https:\/\/schema.org","@graph":[{"@type":"WebPage","@id":"https:\/\/www.standwithdocumenta.com\/privacy-policy-2\/","url":"https:\/\/www.standwithdocumenta.com\/privacy-policy-2\/","name":"Impressum - #standwithdocumenta","isPartOf":{"@id":"https:\/\/www.standwithdocumenta.com\/#website"},"datePublished":"2024-01-19T05:18:24+00:00","dateModified":"2025-07-15T10:26:49+00:00","breadcrumb":{"@id":"https:\/\/www.standwithdocumenta.com\/privacy-policy-2\/#breadcrumb"},"inLanguage":"en-GB","potentialAction":[{"@type":"ReadAction","target":["https:\/\/www.standwithdocumenta.com\/privacy-policy-2\/"]}]},{"@type":"BreadcrumbList","@id":"https:\/\/www.standwithdocumenta.com\/privacy-policy-2\/#breadcrumb","itemListElement":[{"@type":"ListItem","position":1,"name":"Startseite","item":"https:\/\/www.standwithdocumenta.com\/"},{"@type":"ListItem","position":2,"name":"Impressum"}]},{"@type":"WebSite","@id":"https:\/\/www.standwithdocumenta.com\/#website","url":"https:\/\/www.standwithdocumenta.com\/","name":"#standwithdocumenta","description":"","publisher":{"@id":"https:\/\/www.standwithdocumenta.com\/#organization"},"potentialAction":[{"@type":"SearchAction","target":{"@type":"EntryPoint","urlTemplate":"https:\/\/www.standwithdocumenta.com\/?s={search_term_string}"},"query-input":{"@type":"PropertyValueSpecification","valueRequired":true,"valueName":"search_term_string"}}],"inLanguage":"en-GB"},{"@type":"Organization","@id":"https:\/\/www.standwithdocumenta.com\/#organization","name":"#standwithdocumenta","url":"https:\/\/www.standwithdocumenta.com\/","logo":{"@type":"ImageObject","inLanguage":"en-GB","@id":"https:\/\/www.standwithdocumenta.com\/#\/schema\/logo\/image\/","url":"https:\/\/www.standwithdocumenta.com\/wp-content\/uploads\/2024\/01\/Layer_1.png","contentUrl":"https:\/\/www.standwithdocumenta.com\/wp-content\/uploads\/2024\/01\/Layer_1.png","width":654,"height":654,"caption":"#standwithdocumenta"},"image":{"@id":"https:\/\/www.standwithdocumenta.com\/#\/schema\/logo\/image\/"}}]}},"_links":{"self":[{"href":"https:\/\/www.standwithdocumenta.com\/en\/wp-json\/wp\/v2\/pages\/11","targetHints":{"allow":["GET"]}}],"collection":[{"href":"https:\/\/www.standwithdocumenta.com\/en\/wp-json\/wp\/v2\/pages"}],"about":[{"href":"https:\/\/www.standwithdocumenta.com\/en\/wp-json\/wp\/v2\/types\/page"}],"author":[{"embeddable":true,"href":"https:\/\/www.standwithdocumenta.com\/en\/wp-json\/wp\/v2\/users\/2"}],"replies":[{"embeddable":true,"href":"https:\/\/www.standwithdocumenta.com\/en\/wp-json\/wp\/v2\/comments?post=11"}],"version-history":[{"count":22,"href":"https:\/\/www.standwithdocumenta.com\/en\/wp-json\/wp\/v2\/pages\/11\/revisions"}],"predecessor-version":[{"id":1670,"href":"https:\/\/www.standwithdocumenta.com\/en\/wp-json\/wp\/v2\/pages\/11\/revisions\/1670"}],"wp:attachment":[{"href":"https:\/\/www.standwithdocumenta.com\/en\/wp-json\/wp\/v2\/media?parent=11"}],"curies":[{"name":"wp","href":"https:\/\/api.w.org\/{rel}","templated":true}]}}