{"id":14,"date":"2024-01-19T05:28:53","date_gmt":"2024-01-19T05:28:53","guid":{"rendered":"https:\/\/standwithdocumenta.de\/?page_id=9"},"modified":"2024-03-06T18:58:04","modified_gmt":"2024-03-06T18:58:04","slug":"about","status":"publish","type":"page","link":"https:\/\/www.standwithdocumenta.com\/en\/about\/","title":{"rendered":"About"},"content":{"rendered":"<h2>&#8222;&gt;&#8220;&gt;Die Initiative #standwithdocumenta feiert die Freiheit der Kunst.<\/h2>\n<h2>Support the initiative\u200b<\/h2>\n<p><a href=\"https:\/\/chng.it\/gW6LKCJhYG\" target=\"_blank\" rel=\"noopener\"><br \/>\nSign the petition<br \/>\n<\/a><\/p>\n<p><b>This petition demands that the freedom of art, as enshrined in Article 5 of the Basic Law, continues to be upheld and is not restricted by political or other external influences.<\/b><\/p>\n<p>We from the initiative \u201cstand with documenta\u201d are fully committed to this cause!<\/p>\n<p>Support us in protecting this important platform for modern art and maintaining its independence. <b>Please sign this petition now!<\/b><\/p>\n<p><img fetchpriority=\"high\" decoding=\"async\" src=\"https:\/\/www.standwithdocumenta.com\/wp-content\/uploads\/2024\/01\/Layer_1.png\" sizes=\"(max-width: 654px) 100vw, 654px\" srcset=\"https:\/\/www.standwithdocumenta.com\/wp-content\/uploads\/2024\/01\/Layer_1.png 654w, https:\/\/www.standwithdocumenta.com\/wp-content\/uploads\/2024\/01\/Layer_1-300x300.png 300w, https:\/\/www.standwithdocumenta.com\/wp-content\/uploads\/2024\/01\/Layer_1-150x150.png 150w\" alt=\"\" width=\"654\" height=\"654\" \/><\/p>\n<p>In its almost 70-year history, documenta has developed into the world\u2019s most important exhibition of modern art. Every five years, it creates a space for artistic perspectives on the central issues of the global world. This was and is only possible thanks to the complete renunciation of politics from influencing artistic issues and the strict preservation of artistic freedom. It finds its limits exclusively in the law, which is bindingly determined by the courts, not in parliamentary resolutions, not in the opinions of politicians, not in reasons of state and not in enforced voluntary commitments by curators and artists. This is what we are fighting for with all our might!<\/p>\n<h2>Bitte unterst\u00fctzen Sie unsere Kampagne mit einer Spende<\/h2>\n<p>Eine Kampagne wie unsere kostet viel Engagement und Geld! Wenn Sie uns auch finanziell unterst\u00fctzen wollen, dann bieten wir Ihnen zwei M\u00f6glichkeiten:<\/p>\n<p><strong>1. Direkte Spende\u00a0<\/strong><\/p>\n<p>\u00dcberweisen Sie bequem per PayPal an <a href=\"http:\/\/paypal.me\/artvanced\">http:\/\/paypal.me\/artvanced<\/a> mit dem Hinweis #standwithdocumenta oder nutzen Sie gleich den <strong>QR Code<\/strong>!<\/p>\n<p><img decoding=\"async\" class=\"alignnone  wp-image-1147\" src=\"https:\/\/www.standwithdocumenta.com\/wp-content\/uploads\/2024\/03\/QR-Code-Paypal.meartvanced-pink-300x300.png\" alt=\"\" width=\"140\" height=\"140\" srcset=\"https:\/\/www.standwithdocumenta.com\/wp-content\/uploads\/2024\/03\/QR-Code-Paypal.meartvanced-pink-300x300.png 300w, https:\/\/www.standwithdocumenta.com\/wp-content\/uploads\/2024\/03\/QR-Code-Paypal.meartvanced-pink-1024x1024.png 1024w, https:\/\/www.standwithdocumenta.com\/wp-content\/uploads\/2024\/03\/QR-Code-Paypal.meartvanced-pink-150x150.png 150w, https:\/\/www.standwithdocumenta.com\/wp-content\/uploads\/2024\/03\/QR-Code-Paypal.meartvanced-pink-768x768.png 768w, https:\/\/www.standwithdocumenta.com\/wp-content\/uploads\/2024\/03\/QR-Code-Paypal.meartvanced-pink-1536x1536.png 1536w, https:\/\/www.standwithdocumenta.com\/wp-content\/uploads\/2024\/03\/QR-Code-Paypal.meartvanced-pink-2048x2048.png 2048w, https:\/\/www.standwithdocumenta.com\/wp-content\/uploads\/2024\/03\/QR-Code-Paypal.meartvanced-pink-12x12.png 12w\" sizes=\"(max-width: 140px) 100vw, 140px\" \/> <img decoding=\"async\" class=\"alignnone  wp-image-1148\" src=\"https:\/\/www.standwithdocumenta.com\/wp-content\/uploads\/2024\/03\/QR-Code-Paypal.meartvanced-schwarz-300x300.png\" alt=\"\" width=\"139\" height=\"139\" srcset=\"https:\/\/www.standwithdocumenta.com\/wp-content\/uploads\/2024\/03\/QR-Code-Paypal.meartvanced-schwarz-300x300.png 300w, https:\/\/www.standwithdocumenta.com\/wp-content\/uploads\/2024\/03\/QR-Code-Paypal.meartvanced-schwarz-1024x1024.png 1024w, https:\/\/www.standwithdocumenta.com\/wp-content\/uploads\/2024\/03\/QR-Code-Paypal.meartvanced-schwarz-150x150.png 150w, https:\/\/www.standwithdocumenta.com\/wp-content\/uploads\/2024\/03\/QR-Code-Paypal.meartvanced-schwarz-768x768.png 768w, https:\/\/www.standwithdocumenta.com\/wp-content\/uploads\/2024\/03\/QR-Code-Paypal.meartvanced-schwarz-1536x1536.png 1536w, https:\/\/www.standwithdocumenta.com\/wp-content\/uploads\/2024\/03\/QR-Code-Paypal.meartvanced-schwarz-2048x2048.png 2048w, https:\/\/www.standwithdocumenta.com\/wp-content\/uploads\/2024\/03\/QR-Code-Paypal.meartvanced-schwarz-12x12.png 12w\" sizes=\"(max-width: 139px) 100vw, 139px\" \/> <img loading=\"lazy\" decoding=\"async\" class=\"alignnone  wp-image-1149\" src=\"https:\/\/www.standwithdocumenta.com\/wp-content\/uploads\/2024\/03\/QR-Code-Paypal.meartvanced-gruen-300x300.png\" alt=\"\" width=\"139\" height=\"139\" srcset=\"https:\/\/www.standwithdocumenta.com\/wp-content\/uploads\/2024\/03\/QR-Code-Paypal.meartvanced-gruen-300x300.png 300w, https:\/\/www.standwithdocumenta.com\/wp-content\/uploads\/2024\/03\/QR-Code-Paypal.meartvanced-gruen-1024x1024.png 1024w, https:\/\/www.standwithdocumenta.com\/wp-content\/uploads\/2024\/03\/QR-Code-Paypal.meartvanced-gruen-150x150.png 150w, https:\/\/www.standwithdocumenta.com\/wp-content\/uploads\/2024\/03\/QR-Code-Paypal.meartvanced-gruen-768x768.png 768w, https:\/\/www.standwithdocumenta.com\/wp-content\/uploads\/2024\/03\/QR-Code-Paypal.meartvanced-gruen-1536x1536.png 1536w, https:\/\/www.standwithdocumenta.com\/wp-content\/uploads\/2024\/03\/QR-Code-Paypal.meartvanced-gruen-2048x2048.png 2048w, https:\/\/www.standwithdocumenta.com\/wp-content\/uploads\/2024\/03\/QR-Code-Paypal.meartvanced-gruen-12x12.png 12w\" sizes=\"(max-width: 139px) 100vw, 139px\" \/> <img loading=\"lazy\" decoding=\"async\" class=\"alignnone  wp-image-1150\" src=\"https:\/\/www.standwithdocumenta.com\/wp-content\/uploads\/2024\/03\/QR-Code-Paypal.meartvanced-blau-300x300.png\" alt=\"\" width=\"138\" height=\"138\" srcset=\"https:\/\/www.standwithdocumenta.com\/wp-content\/uploads\/2024\/03\/QR-Code-Paypal.meartvanced-blau-300x300.png 300w, https:\/\/www.standwithdocumenta.com\/wp-content\/uploads\/2024\/03\/QR-Code-Paypal.meartvanced-blau-1024x1024.png 1024w, https:\/\/www.standwithdocumenta.com\/wp-content\/uploads\/2024\/03\/QR-Code-Paypal.meartvanced-blau-150x150.png 150w, https:\/\/www.standwithdocumenta.com\/wp-content\/uploads\/2024\/03\/QR-Code-Paypal.meartvanced-blau-768x768.png 768w, https:\/\/www.standwithdocumenta.com\/wp-content\/uploads\/2024\/03\/QR-Code-Paypal.meartvanced-blau-1536x1536.png 1536w, https:\/\/www.standwithdocumenta.com\/wp-content\/uploads\/2024\/03\/QR-Code-Paypal.meartvanced-blau-2048x2048.png 2048w, https:\/\/www.standwithdocumenta.com\/wp-content\/uploads\/2024\/03\/QR-Code-Paypal.meartvanced-blau-12x12.png 12w\" sizes=\"(max-width: 138px) 100vw, 138px\" \/> <img loading=\"lazy\" decoding=\"async\" class=\"alignnone  wp-image-1151\" src=\"https:\/\/www.standwithdocumenta.com\/wp-content\/uploads\/2024\/03\/QR-Code-Paypal.meartvanced-gelb-300x300.png\" alt=\"\" width=\"138\" height=\"138\" srcset=\"https:\/\/www.standwithdocumenta.com\/wp-content\/uploads\/2024\/03\/QR-Code-Paypal.meartvanced-gelb-300x300.png 300w, https:\/\/www.standwithdocumenta.com\/wp-content\/uploads\/2024\/03\/QR-Code-Paypal.meartvanced-gelb-1024x1024.png 1024w, https:\/\/www.standwithdocumenta.com\/wp-content\/uploads\/2024\/03\/QR-Code-Paypal.meartvanced-gelb-150x150.png 150w, https:\/\/www.standwithdocumenta.com\/wp-content\/uploads\/2024\/03\/QR-Code-Paypal.meartvanced-gelb-768x768.png 768w, https:\/\/www.standwithdocumenta.com\/wp-content\/uploads\/2024\/03\/QR-Code-Paypal.meartvanced-gelb-1536x1536.png 1536w, https:\/\/www.standwithdocumenta.com\/wp-content\/uploads\/2024\/03\/QR-Code-Paypal.meartvanced-gelb-2048x2048.png 2048w, https:\/\/www.standwithdocumenta.com\/wp-content\/uploads\/2024\/03\/QR-Code-Paypal.meartvanced-gelb-12x12.png 12w\" sizes=\"(max-width: 138px) 100vw, 138px\" \/><\/p>\n<p><strong>2. Spende mit Spendenbescheinigung\u00a0<\/strong><\/p>\n<p>Bitte schreiben Sie uns an contact (at) standwithdocumenta.com und wir melden uns bei Ihnen.<\/p>\n<p><img loading=\"lazy\" decoding=\"async\" src=\"https:\/\/www.standwithdocumenta.com\/wp-content\/uploads\/2024\/01\/Layer-0.png\" sizes=\"(max-width: 2860px) 100vw, 2860px\" srcset=\"https:\/\/www.standwithdocumenta.com\/wp-content\/uploads\/2024\/01\/Layer-0.png 2860w, https:\/\/www.standwithdocumenta.com\/wp-content\/uploads\/2024\/01\/Layer-0-300x151.png 300w, https:\/\/www.standwithdocumenta.com\/wp-content\/uploads\/2024\/01\/Layer-0-1024x515.png 1024w, https:\/\/www.standwithdocumenta.com\/wp-content\/uploads\/2024\/01\/Layer-0-768x386.png 768w, https:\/\/www.standwithdocumenta.com\/wp-content\/uploads\/2024\/01\/Layer-0-1536x772.png 1536w, https:\/\/www.standwithdocumenta.com\/wp-content\/uploads\/2024\/01\/Layer-0-2048x1029.png 2048w\" alt=\"\" width=\"2860\" height=\"1437\" \/><\/p>","protected":false},"excerpt":{"rendered":"<p>&#8222;&gt;&#8220;&gt;Die Initiative #standwithdocumenta feiert die Freiheit der Kunst. Unterst\u00fctze die Initiative Zur Petition Diese Petition fordert, dass die Kunstfreiheit, wie sie in Artikel 5 des Grundgesetzes verankert ist, weiterhin gewahrt bleibt und nicht durch politische oder andere externe Einfl\u00fcsse eingeschr\u00e4nkt wird. Daf\u00fcr setzen wir uns von der Initiative #standwithdocumenta mit aller Kraft ein! Unterst\u00fctzen Sie [&hellip;]<\/p>\n","protected":false},"author":2,"featured_media":0,"parent":0,"menu_order":0,"comment_status":"closed","ping_status":"closed","template":"elementor_canvas","meta":{"footnotes":"","_links_to":"","_links_to_target":""},"class_list":["post-14","page","type-page","status-publish","hentry"],"yoast_head":"<!-- This site is optimized with the Yoast SEO plugin v27.1.1 - https:\/\/yoast.com\/product\/yoast-seo-wordpress\/ -->\n<title>About - #standwithdocumenta<\/title>\n<meta name=\"robots\" content=\"noindex, follow, max-snippet:-1, max-image-preview:large, max-video-preview:-1\" \/>\n<meta property=\"og:locale\" content=\"en_GB\" \/>\n<meta property=\"og:type\" content=\"article\" \/>\n<meta property=\"og:title\" content=\"About - #standwithdocumenta\" \/>\n<meta property=\"og:description\" content=\"&#8222;&gt;&#8220;&gt;Die Initiative #standwithdocumenta feiert die Freiheit der Kunst. Unterst\u00fctze die Initiative Zur Petition Diese Petition fordert, dass die Kunstfreiheit, wie sie in Artikel 5 des Grundgesetzes verankert ist, weiterhin gewahrt bleibt und nicht durch politische oder andere externe Einfl\u00fcsse eingeschr\u00e4nkt wird. Daf\u00fcr setzen wir uns von der Initiative #standwithdocumenta mit aller Kraft ein! Unterst\u00fctzen Sie [&hellip;]\" \/>\n<meta property=\"og:url\" content=\"https:\/\/www.standwithdocumenta.com\/en\/about\/\" \/>\n<meta property=\"og:site_name\" content=\"#standwithdocumenta\" \/>\n<meta property=\"article:modified_time\" content=\"2024-03-06T18:58:04+00:00\" \/>\n<meta property=\"og:image\" content=\"https:\/\/www.standwithdocumenta.com\/wp-content\/uploads\/2024\/01\/Layer_1.png\" \/>\n<meta name=\"twitter:card\" content=\"summary_large_image\" \/>\n<meta name=\"twitter:label1\" content=\"Estimated reading time\" \/>\n\t<meta name=\"twitter:data1\" content=\"3 minutes\" \/>\n<script type=\"application\/ld+json\" class=\"yoast-schema-graph\">{\"@context\":\"https:\/\/schema.org\",\"@graph\":[{\"@type\":\"WebPage\",\"@id\":\"https:\/\/www.standwithdocumenta.com\/about\/\",\"url\":\"https:\/\/www.standwithdocumenta.com\/about\/\",\"name\":\"About - #standwithdocumenta\",\"isPartOf\":{\"@id\":\"https:\/\/www.standwithdocumenta.com\/#website\"},\"primaryImageOfPage\":{\"@id\":\"https:\/\/www.standwithdocumenta.com\/about\/#primaryimage\"},\"image\":{\"@id\":\"https:\/\/www.standwithdocumenta.com\/about\/#primaryimage\"},\"thumbnailUrl\":\"https:\/\/www.standwithdocumenta.com\/wp-content\/uploads\/2024\/01\/Layer_1.png\",\"datePublished\":\"2024-01-19T05:28:53+00:00\",\"dateModified\":\"2024-03-06T18:58:04+00:00\",\"breadcrumb\":{\"@id\":\"https:\/\/www.standwithdocumenta.com\/about\/#breadcrumb\"},\"inLanguage\":\"en-GB\",\"potentialAction\":[{\"@type\":\"ReadAction\",\"target\":[\"https:\/\/www.standwithdocumenta.com\/about\/\"]}]},{\"@type\":\"ImageObject\",\"inLanguage\":\"en-GB\",\"@id\":\"https:\/\/www.standwithdocumenta.com\/about\/#primaryimage\",\"url\":\"https:\/\/www.standwithdocumenta.com\/wp-content\/uploads\/2024\/01\/Layer_1.png\",\"contentUrl\":\"https:\/\/www.standwithdocumenta.com\/wp-content\/uploads\/2024\/01\/Layer_1.png\"},{\"@type\":\"BreadcrumbList\",\"@id\":\"https:\/\/www.standwithdocumenta.com\/about\/#breadcrumb\",\"itemListElement\":[{\"@type\":\"ListItem\",\"position\":1,\"name\":\"Startseite\",\"item\":\"https:\/\/www.standwithdocumenta.com\/\"},{\"@type\":\"ListItem\",\"position\":2,\"name\":\"About\"}]},{\"@type\":\"WebSite\",\"@id\":\"https:\/\/www.standwithdocumenta.com\/#website\",\"url\":\"https:\/\/www.standwithdocumenta.com\/\",\"name\":\"#standwithdocumenta\",\"description\":\"\",\"publisher\":{\"@id\":\"https:\/\/www.standwithdocumenta.com\/#organization\"},\"potentialAction\":[{\"@type\":\"SearchAction\",\"target\":{\"@type\":\"EntryPoint\",\"urlTemplate\":\"https:\/\/www.standwithdocumenta.com\/?s={search_term_string}\"},\"query-input\":{\"@type\":\"PropertyValueSpecification\",\"valueRequired\":true,\"valueName\":\"search_term_string\"}}],\"inLanguage\":\"en-GB\"},{\"@type\":\"Organization\",\"@id\":\"https:\/\/www.standwithdocumenta.com\/#organization\",\"name\":\"#standwithdocumenta\",\"url\":\"https:\/\/www.standwithdocumenta.com\/\",\"logo\":{\"@type\":\"ImageObject\",\"inLanguage\":\"en-GB\",\"@id\":\"https:\/\/www.standwithdocumenta.com\/#\/schema\/logo\/image\/\",\"url\":\"https:\/\/www.standwithdocumenta.com\/wp-content\/uploads\/2024\/01\/Layer_1.png\",\"contentUrl\":\"https:\/\/www.standwithdocumenta.com\/wp-content\/uploads\/2024\/01\/Layer_1.png\",\"width\":654,\"height\":654,\"caption\":\"#standwithdocumenta\"},\"image\":{\"@id\":\"https:\/\/www.standwithdocumenta.com\/#\/schema\/logo\/image\/\"}}]}<\/script>\n<!-- \/ Yoast SEO plugin. -->","yoast_head_json":{"title":"About - #standwithdocumenta","robots":{"index":"noindex","follow":"follow","max-snippet":"max-snippet:-1","max-image-preview":"max-image-preview:large","max-video-preview":"max-video-preview:-1"},"og_locale":"en_GB","og_type":"article","og_title":"About - #standwithdocumenta","og_description":"&#8222;&gt;&#8220;&gt;Die Initiative #standwithdocumenta feiert die Freiheit der Kunst. Unterst\u00fctze die Initiative Zur Petition Diese Petition fordert, dass die Kunstfreiheit, wie sie in Artikel 5 des Grundgesetzes verankert ist, weiterhin gewahrt bleibt und nicht durch politische oder andere externe Einfl\u00fcsse eingeschr\u00e4nkt wird. Daf\u00fcr setzen wir uns von der Initiative #standwithdocumenta mit aller Kraft ein! Unterst\u00fctzen Sie [&hellip;]","og_url":"https:\/\/www.standwithdocumenta.com\/en\/about\/","og_site_name":"#standwithdocumenta","article_modified_time":"2024-03-06T18:58:04+00:00","og_image":[{"url":"https:\/\/www.standwithdocumenta.com\/wp-content\/uploads\/2024\/01\/Layer_1.png","type":"","width":"","height":""}],"twitter_card":"summary_large_image","twitter_misc":{"Estimated reading time":"3 minutes"},"schema":{"@context":"https:\/\/schema.org","@graph":[{"@type":"WebPage","@id":"https:\/\/www.standwithdocumenta.com\/about\/","url":"https:\/\/www.standwithdocumenta.com\/about\/","name":"About - #standwithdocumenta","isPartOf":{"@id":"https:\/\/www.standwithdocumenta.com\/#website"},"primaryImageOfPage":{"@id":"https:\/\/www.standwithdocumenta.com\/about\/#primaryimage"},"image":{"@id":"https:\/\/www.standwithdocumenta.com\/about\/#primaryimage"},"thumbnailUrl":"https:\/\/www.standwithdocumenta.com\/wp-content\/uploads\/2024\/01\/Layer_1.png","datePublished":"2024-01-19T05:28:53+00:00","dateModified":"2024-03-06T18:58:04+00:00","breadcrumb":{"@id":"https:\/\/www.standwithdocumenta.com\/about\/#breadcrumb"},"inLanguage":"en-GB","potentialAction":[{"@type":"ReadAction","target":["https:\/\/www.standwithdocumenta.com\/about\/"]}]},{"@type":"ImageObject","inLanguage":"en-GB","@id":"https:\/\/www.standwithdocumenta.com\/about\/#primaryimage","url":"https:\/\/www.standwithdocumenta.com\/wp-content\/uploads\/2024\/01\/Layer_1.png","contentUrl":"https:\/\/www.standwithdocumenta.com\/wp-content\/uploads\/2024\/01\/Layer_1.png"},{"@type":"BreadcrumbList","@id":"https:\/\/www.standwithdocumenta.com\/about\/#breadcrumb","itemListElement":[{"@type":"ListItem","position":1,"name":"Startseite","item":"https:\/\/www.standwithdocumenta.com\/"},{"@type":"ListItem","position":2,"name":"About"}]},{"@type":"WebSite","@id":"https:\/\/www.standwithdocumenta.com\/#website","url":"https:\/\/www.standwithdocumenta.com\/","name":"#standwithdocumenta","description":"","publisher":{"@id":"https:\/\/www.standwithdocumenta.com\/#organization"},"potentialAction":[{"@type":"SearchAction","target":{"@type":"EntryPoint","urlTemplate":"https:\/\/www.standwithdocumenta.com\/?s={search_term_string}"},"query-input":{"@type":"PropertyValueSpecification","valueRequired":true,"valueName":"search_term_string"}}],"inLanguage":"en-GB"},{"@type":"Organization","@id":"https:\/\/www.standwithdocumenta.com\/#organization","name":"#standwithdocumenta","url":"https:\/\/www.standwithdocumenta.com\/","logo":{"@type":"ImageObject","inLanguage":"en-GB","@id":"https:\/\/www.standwithdocumenta.com\/#\/schema\/logo\/image\/","url":"https:\/\/www.standwithdocumenta.com\/wp-content\/uploads\/2024\/01\/Layer_1.png","contentUrl":"https:\/\/www.standwithdocumenta.com\/wp-content\/uploads\/2024\/01\/Layer_1.png","width":654,"height":654,"caption":"#standwithdocumenta"},"image":{"@id":"https:\/\/www.standwithdocumenta.com\/#\/schema\/logo\/image\/"}}]}},"_links":{"self":[{"href":"https:\/\/www.standwithdocumenta.com\/en\/wp-json\/wp\/v2\/pages\/14","targetHints":{"allow":["GET"]}}],"collection":[{"href":"https:\/\/www.standwithdocumenta.com\/en\/wp-json\/wp\/v2\/pages"}],"about":[{"href":"https:\/\/www.standwithdocumenta.com\/en\/wp-json\/wp\/v2\/types\/page"}],"author":[{"embeddable":true,"href":"https:\/\/www.standwithdocumenta.com\/en\/wp-json\/wp\/v2\/users\/2"}],"replies":[{"embeddable":true,"href":"https:\/\/www.standwithdocumenta.com\/en\/wp-json\/wp\/v2\/comments?post=14"}],"version-history":[{"count":249,"href":"https:\/\/www.standwithdocumenta.com\/en\/wp-json\/wp\/v2\/pages\/14\/revisions"}],"predecessor-version":[{"id":1154,"href":"https:\/\/www.standwithdocumenta.com\/en\/wp-json\/wp\/v2\/pages\/14\/revisions\/1154"}],"wp:attachment":[{"href":"https:\/\/www.standwithdocumenta.com\/en\/wp-json\/wp\/v2\/media?parent=14"}],"curies":[{"name":"wp","href":"https:\/\/api.w.org\/{rel}","templated":true}]}}